{"id":1942,"date":"2022-07-26T09:45:35","date_gmt":"2022-07-26T09:45:35","guid":{"rendered":"https:\/\/momentostudio.hr\/contact\/"},"modified":"2024-09-29T11:39:09","modified_gmt":"2024-09-29T11:39:09","slug":"contact","status":"publish","type":"page","link":"https:\/\/momentostudio.hr\/en\/contact\/","title":{"rendered":"Contact"},"content":{"rendered":"<p>[et_pb_section fb_built=&#8221;1&#8243; _builder_version=&#8221;4.25.2&#8243; _module_preset=&#8221;default&#8221; background_color=&#8221;#E3B6A3&#8243; background_image=&#8221;https:\/\/momentostudio.hr\/wp-content\/uploads\/2024\/05\/background-31.png&#8221; custom_padding=&#8221;80px||80px||true|false&#8221; locked=&#8221;off&#8221; global_colors_info=&#8221;{}&#8221;][et_pb_row _builder_version=&#8221;4.25.1&#8243; _module_preset=&#8221;default&#8221; locked=&#8221;off&#8221; global_colors_info=&#8221;{}&#8221;][et_pb_column type=&#8221;4_4&#8243; _builder_version=&#8221;4.25.1&#8243; _module_preset=&#8221;default&#8221; global_colors_info=&#8221;{}&#8221;][et_pb_text _builder_version=&#8221;4.25.2&#8243; _module_preset=&#8221;default&#8221; text_text_color=&#8221;#FFF5EB&#8221; header_font=&#8221;||||||||&#8221; header_text_align=&#8221;left&#8221; header_text_color=&#8221;#FFF5EB&#8221; header_font_size=&#8221;40px&#8221; header_line_height=&#8221;1.3em&#8221; text_orientation=&#8221;center&#8221; animation_style=&#8221;slide&#8221; global_colors_info=&#8221;{}&#8221;]<\/p>\n<h1 class=\"_ap3a _aaco _aacu _aacx _aad6 _aade\" dir=\"auto\" style=\"text-align: center;\">Contact me!<br \/><span style=\"font-weight: 400;\"><\/span><\/h1>\n<p style=\"text-align: center;\">Regardless of whether you have <strong>already developed an idea <\/strong>or are just <strong>looking for inspiration<\/strong>, <strong>feel free to contact me.<\/strong><br \/>Open your doors to my imagination, desires, even the most hidden insecurities.<!-- notionvc: c731c421-8f71-41e8-b78d-7b53f0bb3d6e --><br \/>I am here not only to listen to you, but also to fulfill your wish and remove any dilemma.<\/p>\n<p style=\"text-align: center;\"><em><strong>I look forward to hearing from you!<\/strong><\/em><\/p>\n<p style=\"text-align: center;\">[\/et_pb_text][\/et_pb_column][\/et_pb_row][\/et_pb_section][et_pb_section fb_built=&#8221;1&#8243; custom_padding_last_edited=&#8221;on|tablet&#8221; _builder_version=&#8221;4.25.2&#8243; _module_preset=&#8221;default&#8221; background_color=&#8221;#FFF5EB&#8221; background_image=&#8221;https:\/\/momentostudio.hr\/wp-content\/uploads\/2024\/05\/background-31.png&#8221; custom_padding=&#8221;80px||80px||true|false&#8221; custom_padding_tablet=&#8221;40px||40px||true|false&#8221; custom_padding_phone=&#8221;40px||40px||true|false&#8221; locked=&#8221;off&#8221; global_colors_info=&#8221;{}&#8221;][et_pb_row _builder_version=&#8221;4.25.1&#8243; _module_preset=&#8221;default&#8221; locked=&#8221;off&#8221; global_colors_info=&#8221;{}&#8221;][et_pb_column type=&#8221;4_4&#8243; _builder_version=&#8221;4.25.1&#8243; _module_preset=&#8221;default&#8221; global_colors_info=&#8221;{}&#8221;][et_pb_contact_form use_spam_service=&#8221;on&#8221; recaptcha_list=&#8221;AdriaBox-0&#8243; email=&#8221;info@momentostudio.hr &#8221; success_message=&#8221;Thank you for your message and interest in cooperation! I will contact you as soon as possible with a proposal for a date for a meeting or with an offer. Sanda  &#8221; submit_button_text=&#8221;Send a request&#8221; module_id=&#8221;et_pb_contact_form_0&#8243; _builder_version=&#8221;4.25.2&#8243; form_field_background_color=&#8221;#FFF5EB&#8221; form_field_text_color=&#8221;#9B5F3B&#8221; form_field_focus_background_color=&#8221;#ffffff&#8221; form_field_focus_text_color=&#8221;#9B5F3B&#8221; form_field_custom_padding=&#8221;||||false|false&#8221; form_field_custom_padding_tablet=&#8221;||||false|false&#8221; form_field_custom_padding_phone=&#8221;||||false|false&#8221; form_field_custom_padding_last_edited=&#8221;on|phone&#8221; title_level=&#8221;h2&#8243; title_font=&#8221;&#8211;et_global_heading_font|200|||||||&#8221; title_text_align=&#8221;left&#8221; title_text_color=&#8221;#9B6753&#8243; title_font_size=&#8221;60px&#8221; title_letter_spacing=&#8221;2px&#8221; title_line_height=&#8221;1.3em&#8221; captcha_text_color=&#8221;#9B6753&#8243; captcha_font_size=&#8221;18px&#8221; form_field_font=&#8221;&#8211;et_global_body_font|500|||||||&#8221; form_field_font_size=&#8221;16px&#8221; custom_button=&#8221;on&#8221; button_text_size=&#8221;14px&#8221; button_text_color=&#8221;#FFF5EB&#8221; button_bg_color=&#8221;#9B5F3B&#8221; button_border_width=&#8221;0px&#8221; button_border_color=&#8221;#F2E7D3&#8243; button_border_radius=&#8221;5px&#8221; button_letter_spacing=&#8221;4px&#8221; button_font=&#8221;&#8211;et_global_body_font|700||on|||||&#8221; button_use_icon=&#8221;off&#8221; button_custom_padding=&#8221;15px|20px|15px|20px|true|true&#8221; button_custom_padding_tablet=&#8221;20px|30px|20px|30px|true|true&#8221; button_custom_padding_phone=&#8221;10px|20px|10px|20px|true|true&#8221; button_custom_padding_last_edited=&#8221;on|phone&#8221; text_orientation=&#8221;left&#8221; custom_margin_tablet=&#8221;0px||||false|false&#8221; custom_margin_last_edited=&#8221;off|desktop&#8221; animation_style=&#8221;fade&#8221; title_font_size_tablet=&#8221;40px&#8221; title_font_size_phone=&#8221;26px&#8221; title_font_size_last_edited=&#8221;on|phone&#8221; border_radii=&#8221;on|5px|5px|5px|5px&#8221; border_width_all=&#8221;2px&#8221; border_color_all=&#8221;#9B5F3B&#8221; locked=&#8221;off&#8221; global_colors_info=&#8221;{}&#8221; box_shadow_color_button__hover_enabled=&#8221;on|hover&#8221; box_shadow_color_button__hover=&#8221;rgba(0,0,0,0.6)&#8221; button_text_color__hover_enabled=&#8221;on|desktop&#8221; button_text_color__hover=&#8221;&#8221; button_bg_color__hover_enabled=&#8221;on|hover&#8221; button_bg_color__hover=&#8221;#CB8F55&#8243; button_bg_enable_color__hover=&#8221;on&#8221;][et_pb_contact_field field_id=&#8221;Ime&#8221; field_title=&#8221;Your name&#8221; _builder_version=&#8221;4.25.2&#8243; form_field_font=&#8221;&#8211;et_global_body_font|500|||||||&#8221; global_colors_info=&#8221;{}&#8221; button_text_size__hover_enabled=&#8221;off&#8221; button_one_text_size__hover_enabled=&#8221;off&#8221; button_two_text_size__hover_enabled=&#8221;off&#8221; button_text_color__hover_enabled=&#8221;off&#8221; button_one_text_color__hover_enabled=&#8221;off&#8221; button_two_text_color__hover_enabled=&#8221;off&#8221; button_border_width__hover_enabled=&#8221;off&#8221; button_one_border_width__hover_enabled=&#8221;off&#8221; button_two_border_width__hover_enabled=&#8221;off&#8221; button_border_color__hover_enabled=&#8221;off&#8221; button_one_border_color__hover_enabled=&#8221;off&#8221; button_two_border_color__hover_enabled=&#8221;off&#8221; button_border_radius__hover_enabled=&#8221;off&#8221; button_one_border_radius__hover_enabled=&#8221;off&#8221; button_two_border_radius__hover_enabled=&#8221;off&#8221; button_letter_spacing__hover_enabled=&#8221;off&#8221; button_one_letter_spacing__hover_enabled=&#8221;off&#8221; button_two_letter_spacing__hover_enabled=&#8221;off&#8221; button_bg_color__hover_enabled=&#8221;off&#8221; button_one_bg_color__hover_enabled=&#8221;off&#8221; button_two_bg_color__hover_enabled=&#8221;off&#8221;][\/et_pb_contact_field][et_pb_contact_field field_id=&#8221;Ime_tvog_brenda&#8221; field_title=&#8221;Your brand name&#8221; _builder_version=&#8221;4.22.2&#8243; global_colors_info=&#8221;{}&#8221; button_text_size__hover_enabled=&#8221;off&#8221; button_one_text_size__hover_enabled=&#8221;off&#8221; button_two_text_size__hover_enabled=&#8221;off&#8221; button_text_color__hover_enabled=&#8221;off&#8221; button_one_text_color__hover_enabled=&#8221;off&#8221; button_two_text_color__hover_enabled=&#8221;off&#8221; button_border_width__hover_enabled=&#8221;off&#8221; button_one_border_width__hover_enabled=&#8221;off&#8221; button_two_border_width__hover_enabled=&#8221;off&#8221; button_border_color__hover_enabled=&#8221;off&#8221; button_one_border_color__hover_enabled=&#8221;off&#8221; button_two_border_color__hover_enabled=&#8221;off&#8221; button_border_radius__hover_enabled=&#8221;off&#8221; button_one_border_radius__hover_enabled=&#8221;off&#8221; button_two_border_radius__hover_enabled=&#8221;off&#8221; button_letter_spacing__hover_enabled=&#8221;off&#8221; button_one_letter_spacing__hover_enabled=&#8221;off&#8221; button_two_letter_spacing__hover_enabled=&#8221;off&#8221; button_bg_color__hover_enabled=&#8221;off&#8221; button_one_bg_color__hover_enabled=&#8221;off&#8221; button_two_bg_color__hover_enabled=&#8221;off&#8221;][\/et_pb_contact_field][et_pb_contact_field field_id=&#8221;Email_adresa&#8221; field_title=&#8221;Your email address&#8221; _builder_version=&#8221;4.22.2&#8243; global_colors_info=&#8221;{}&#8221; button_text_size__hover_enabled=&#8221;off&#8221; button_one_text_size__hover_enabled=&#8221;off&#8221; button_two_text_size__hover_enabled=&#8221;off&#8221; button_text_color__hover_enabled=&#8221;off&#8221; button_one_text_color__hover_enabled=&#8221;off&#8221; button_two_text_color__hover_enabled=&#8221;off&#8221; button_border_width__hover_enabled=&#8221;off&#8221; button_one_border_width__hover_enabled=&#8221;off&#8221; button_two_border_width__hover_enabled=&#8221;off&#8221; button_border_color__hover_enabled=&#8221;off&#8221; button_one_border_color__hover_enabled=&#8221;off&#8221; button_two_border_color__hover_enabled=&#8221;off&#8221; button_border_radius__hover_enabled=&#8221;off&#8221; button_one_border_radius__hover_enabled=&#8221;off&#8221; button_two_border_radius__hover_enabled=&#8221;off&#8221; button_letter_spacing__hover_enabled=&#8221;off&#8221; button_one_letter_spacing__hover_enabled=&#8221;off&#8221; button_two_letter_spacing__hover_enabled=&#8221;off&#8221; button_bg_color__hover_enabled=&#8221;off&#8221; button_one_bg_color__hover_enabled=&#8221;off&#8221; button_two_bg_color__hover_enabled=&#8221;off&#8221;][\/et_pb_contact_field][et_pb_contact_field field_id=&#8221;Kako_si_do\u0161la\/do\u0161ao_do_mene?&#8221; field_title=&#8221;How did you come to me?&#8221; field_type=&#8221;select&#8221; select_options=&#8221;%91{%22value%22:%22Google%22,%22checked%22:0,%22dragID%22:-1},{%22value%22:%22Web page%22,%22checked%22:0,%22dragID%22:0},{%22value%22:%22Instagram%22,%22checked%22:0,%22dragID%22:1},{%22value%22:%22LinkedIn%22,%22checked%22:0,%22dragID%22:2},{%22value%22:%22Facebook%22,%22checked%22:0,%22dragID%22:3},{%22value%22:%22By recommendation%22,%22checked%22:0,%22dragID%22:4},{%22value%22:%22BYOB group of female entrepreneurs%22,%22checked%22:0,%22dragID%22:5},{%22value%22:%22Other%22,%22checked%22:0,%22dragID%22:6}%93&#8243; _builder_version=&#8221;4.22.2&#8243; _module_preset=&#8221;default&#8221; global_colors_info=&#8221;{}&#8221;][\/et_pb_contact_field][et_pb_contact_field field_id=&#8221;Za\u0161to_\u017eeli\u0161_ba\u0161_mene_za_svoju_fotografkinju?&#8221; field_title=&#8221;Why do you want me as your photographer?&#8221; field_type=&#8221;text&#8221; _builder_version=&#8221;4.22.2&#8243; _module_preset=&#8221;default&#8221; global_colors_info=&#8221;{}&#8221;][\/et_pb_contact_field][et_pb_contact_field field_id=&#8221;Opi\u0161i_\u010dime_se_bavi\u0161_kroz_svoj_biznis_u_jednoj_do_dvije_re\u010denice&#8221; field_title=&#8221;Describe what you do with your business in one to two sentences.&#8221; field_type=&#8221;text&#8221; _builder_version=&#8221;4.22.2&#8243; _module_preset=&#8221;default&#8221; global_colors_info=&#8221;{}&#8221;][\/et_pb_contact_field][et_pb_contact_field field_id=&#8221;Link_na_web_stranicu_ili_Instagram_profil_tvog_biznisa&#8221; field_title=&#8221;Add a link to your business&#039;s website and\/or Instagram profile.&#8221; required_mark=&#8221;off&#8221; _builder_version=&#8221;4.22.2&#8243; _module_preset=&#8221;default&#8221; global_colors_info=&#8221;{}&#8221;][\/et_pb_contact_field][et_pb_contact_field field_id=&#8221;Koji_na\u010din_rada_ti_najvi\u0161e_odgovara?&#8221; field_title=&#8221;Which way of working suits you best?&#8221; field_type=&#8221;select&#8221; select_options=&#8221;%91{%22value%22:%22Online communication and meetings.%22,%22checked%22:0,%22dragID%22:-1},{%22value%22:%22Live communication and meetings.%22,%22checked%22:0,%22dragID%22:0},{%22value%22:%22Whatever, online or offline.%22,%22checked%22:0,%22dragID%22:1}%93&#8243; required_mark=&#8221;off&#8221; _builder_version=&#8221;4.22.2&#8243; _module_preset=&#8221;default&#8221; global_colors_info=&#8221;{}&#8221;][\/et_pb_contact_field][et_pb_contact_field field_id=&#8221;Koje_te_usluge_zanimaju?&#8221; field_title=&#8221;What services are you interested in?&#8221; field_type=&#8221;checkbox&#8221; checkbox_options=&#8221;%91{%22value%22:%22Brand photography%22,%22checked%22:0,%22dragID%22:-1},{%22value%22:%22Business portrait photography%22,%22checked%22:0,%22dragID%22:0},{%22value%22:%22Product photography%22,%22checked%22:0,%22dragID%22:1},{%22value%22:%22Photography of real estate and business spaces%22,%22checked%22:0,%22dragID%22:2},{%22value%22:%22Photography of business events, education and workshops%22,%22checked%22:0,%22dragID%22:3},{%22value%22:%22Video and Reels%22,%22checked%22:0,%22dragID%22:4},{%22value%22:%22Vision and strategy for your photography%22,%22checked%22:0,%22dragID%22:5},{%22value%22:%22Mentorship 1:1 &#8211; Professional photography%22,%22checked%22:0,%22dragID%22:6},{%22value%22:%22I can&#039;t decide&#8230;%22,%22checked%22:0,%22dragID%22:7},{%22value%22:%22Other%22,%22checked%22:0,%22dragID%22:8}%93&#8243; _builder_version=&#8221;4.25.2&#8243; _module_preset=&#8221;default&#8221; global_colors_info=&#8221;{}&#8221;][\/et_pb_contact_field][et_pb_contact_field field_id=&#8221;Koliki_je_tvoj_bud\u017eet_za_fotografiranje?&#8221; field_title=&#8221;What is your photography budget?&#8221; field_type=&#8221;select&#8221; select_options=&#8221;%91{%22value%22:%22up to 300 EUR%22,%22checked%22:0,%22dragID%22:-1},{%22value%22:%22300-600 EUR%22,%22checked%22:0,%22dragID%22:0},{%22value%22:%22600-1000 EUR%22,%22checked%22:0,%22dragID%22:1},{%22value%22:%221000-2000 EUR%22,%22checked%22:0,%22dragID%22:2},{%22value%22:%222000-3000 EUR%22,%22checked%22:0,%22dragID%22:3},{%22value%22:%223000 EUR +%22,%22checked%22:0,%22dragID%22:4}%93&#8243; required_mark=&#8221;off&#8221; _builder_version=&#8221;4.22.2&#8243; _module_preset=&#8221;default&#8221; global_colors_info=&#8221;{}&#8221;][\/et_pb_contact_field][et_pb_contact_field field_id=&#8221;Koja_lokacija_i_grad_su_ti_na_umu_za_ovo_fotografiranje?_U_slu\u010daju_vi\u0161e_\u017eeljenih_lokacija,_navedi_one_kojih_se_trenutno_mo\u017ee\u0161_sjetiti&#8221; field_title=&#8221;What location and city do you have in mind for this photo shoot? In the case of multiple desired locations, list the ones you can currently remember. &#8221; field_type=&#8221;text&#8221; required_mark=&#8221;off&#8221; _builder_version=&#8221;4.22.2&#8243; _module_preset=&#8221;default&#8221; global_colors_info=&#8221;{}&#8221;][\/et_pb_contact_field][et_pb_contact_field field_id=&#8221;Koji_datum_ti_najvi\u0161e_odgovara_za_fotografiranje?&#8221; field_title=&#8221;Which date suits you best for a photo shoot?&#8221; field_type=&#8221;text&#8221; _builder_version=&#8221;4.22.2&#8243; _module_preset=&#8221;default&#8221; global_colors_info=&#8221;{}&#8221;][\/et_pb_contact_field][et_pb_contact_field field_id=&#8221;Kada_bi_projekt_trebao_bude_gotov,_jesmo_li_ograni\u010deni_rokovima?&#8221; field_title=&#8221;When should the project be finished, are we limited by deadlines?&#8221; field_type=&#8221;text&#8221; _builder_version=&#8221;4.22.2&#8243; _module_preset=&#8221;default&#8221; global_colors_info=&#8221;{}&#8221;][\/et_pb_contact_field][et_pb_contact_field field_id=&#8221;Trebam_li_jo\u0161_ne\u0161to_znati_prije_na\u0161eg_razgovora?_Postoji_li_neki_izazov_s_kojim_se_suo\u010dava\u0161,_a_da_je_vezan_uz_fotografiranje?&#8221; field_title=&#8221;Is there anything else I need to know before our conversation? Is there a challenge you face that is related to photography? &#8221; field_type=&#8221;text&#8221; _builder_version=&#8221;4.22.2&#8243; _module_preset=&#8221;default&#8221; global_colors_info=&#8221;{}&#8221;][\/et_pb_contact_field][\/et_pb_contact_form][\/et_pb_column][\/et_pb_row][\/et_pb_section][et_pb_section fb_built=&#8221;1&#8243; _builder_version=&#8221;4.25.2&#8243; _module_preset=&#8221;default&#8221; background_color=&#8221;#CB8F55&#8243; background_enable_image=&#8221;off&#8221; global_colors_info=&#8221;{}&#8221; global_module=&#8221;7198&#8243; saved_tabs=&#8221;all&#8221; locked=&#8221;off&#8221;][et_pb_row column_structure=&#8221;2_3,1_3&#8243; make_equal=&#8221;on&#8221; _builder_version=&#8221;4.25.2&#8243; _module_preset=&#8221;default&#8221; max_width=&#8221;100%&#8221; custom_css_main_element=&#8221;align-items: center;&#8221; global_colors_info=&#8221;{}&#8221;][et_pb_column type=&#8221;2_3&#8243; _builder_version=&#8221;4.25.2&#8243; _module_preset=&#8221;default&#8221; global_colors_info=&#8221;{}&#8221;][et_pb_signup mailchimp_list=&#8221;Momento Studio Level UP|5f0362792e&#8221; layout=&#8221;top_bottom&#8221; first_name_fullwidth=&#8221;off&#8221; last_name_fullwidth=&#8221;off&#8221; title=&#8221;Join me!&#8221; button_text=&#8221;I want to be updated!&#8221; description=&#8221;<\/p>\n<p>Find out all about the latest projects, offers and inspiring stories from Momento Studio!<\/p>\n<p>&#8221; _builder_version=&#8221;4.25.2&#8243; _module_preset=&#8221;default&#8221; form_field_background_color=&#8221;RGBA(255,255,255,0)&#8221; form_field_text_color=&#8221;#FFF5EB&#8221; form_field_focus_background_color=&#8221;#FFF5EB&#8221; form_field_focus_text_color=&#8221;#9B5F3B&#8221; header_text_align=&#8221;center&#8221; body_text_align=&#8221;center&#8221; background_enable_color=&#8221;off&#8221; custom_button=&#8221;on&#8221; button_text_size=&#8221;16px&#8221; button_font=&#8221;|700||on|||||&#8221; button_custom_padding=&#8221;10px||10px||true|false&#8221; hover_enabled=&#8221;0&#8243; border_width_all_fields=&#8221;2px&#8221; border_color_all_fields=&#8221;#FFF5EB&#8221; global_colors_info=&#8221;{}&#8221; success_message=&#8221;Successful subscription to the Newsletter! \ud83d\ude42 &#8221; result_message_text_align=&#8221;center&#8221; result_message_text_color=&#8221;#FFF5EB&#8221; sticky_enabled=&#8221;0&#8243;][\/et_pb_signup][\/et_pb_column][et_pb_column type=&#8221;1_3&#8243; _builder_version=&#8221;4.25.2&#8243; _module_preset=&#8221;default&#8221; global_colors_info=&#8221;{}&#8221;][et_pb_image src=&#8221;https:\/\/momentostudio.hr\/wp-content\/uploads\/2024\/06\/IMG_2883-kopija_reduced.jpg&#8221; title_text=&#8221;IMG_2883 kopija_reduced&#8221; _builder_version=&#8221;4.25.2&#8243; _module_preset=&#8221;default&#8221; width=&#8221;80%&#8221; custom_margin=&#8221;0px||0px||true|false&#8221; custom_padding=&#8221;0px||0px||true|false&#8221; border_radii=&#8221;off|300px|300px|5px|5px&#8221; border_width_all=&#8221;4px&#8221; border_color_all=&#8221;#787458&#8243; global_colors_info=&#8221;{}&#8221; width__hover_enabled=&#8221;on|desktop&#8221; width__hover=&#8221;80%&#8221;][\/et_pb_image][\/et_pb_column][\/et_pb_row][\/et_pb_section]<\/p>\n","protected":false},"excerpt":{"rendered":"<p>Contact me! Regardless of whether you have already developed an idea or are just looking for inspiration, feel free to contact me.Open your doors to my imagination, desires, even the most hidden insecurities.I am here not only to listen to you, but also to fulfill your wish and remove any dilemma. I look forward to hearing from you!<\/p>\n","protected":false},"author":2,"featured_media":6405,"parent":0,"menu_order":0,"comment_status":"closed","ping_status":"closed","template":"","meta":{"_et_pb_use_builder":"on","_et_pb_old_content":"","_et_gb_content_width":"","pgc_sgb_lightbox_settings":"","footnotes":""},"class_list":["post-1942","page","type-page","status-publish","has-post-thumbnail","hentry"],"_links":{"self":[{"href":"https:\/\/momentostudio.hr\/en\/wp-json\/wp\/v2\/pages\/1942","targetHints":{"allow":["GET"]}}],"collection":[{"href":"https:\/\/momentostudio.hr\/en\/wp-json\/wp\/v2\/pages"}],"about":[{"href":"https:\/\/momentostudio.hr\/en\/wp-json\/wp\/v2\/types\/page"}],"author":[{"embeddable":true,"href":"https:\/\/momentostudio.hr\/en\/wp-json\/wp\/v2\/users\/2"}],"replies":[{"embeddable":true,"href":"https:\/\/momentostudio.hr\/en\/wp-json\/wp\/v2\/comments?post=1942"}],"version-history":[{"count":50,"href":"https:\/\/momentostudio.hr\/en\/wp-json\/wp\/v2\/pages\/1942\/revisions"}],"predecessor-version":[{"id":7271,"href":"https:\/\/momentostudio.hr\/en\/wp-json\/wp\/v2\/pages\/1942\/revisions\/7271"}],"wp:featuredmedia":[{"embeddable":true,"href":"https:\/\/momentostudio.hr\/en\/wp-json\/wp\/v2\/media\/6405"}],"wp:attachment":[{"href":"https:\/\/momentostudio.hr\/en\/wp-json\/wp\/v2\/media?parent=1942"}],"curies":[{"name":"wp","href":"https:\/\/api.w.org\/{rel}","templated":true}]}}