{"id":1992,"date":"2022-07-26T09:45:06","date_gmt":"2022-07-26T09:45:06","guid":{"rendered":"https:\/\/momentostudio.hr\/impressum\/"},"modified":"2024-09-27T16:07:12","modified_gmt":"2024-09-27T16:07:12","slug":"impressum","status":"publish","type":"page","link":"https:\/\/momentostudio.hr\/en\/impressum\/","title":{"rendered":"Impressum"},"content":{"rendered":"<p>[et_pb_section fb_built=&#8221;1&#8243; _builder_version=&#8221;4.25.2&#8243; _module_preset=&#8221;default&#8221; background_color=&#8221;#FFF5EB&#8221; custom_padding=&#8221;80px||80px||true|false&#8221; hover_enabled=&#8221;0&#8243; locked=&#8221;off&#8221; global_colors_info=&#8221;{}&#8221; background_enable_image=&#8221;off&#8221; sticky_enabled=&#8221;0&#8243;][et_pb_row _builder_version=&#8221;4.25.1&#8243; _module_preset=&#8221;default&#8221; locked=&#8221;off&#8221; global_colors_info=&#8221;{}&#8221;][et_pb_column type=&#8221;4_4&#8243; _builder_version=&#8221;4.25.1&#8243; _module_preset=&#8221;default&#8221; global_colors_info=&#8221;{}&#8221;][et_pb_text _builder_version=&#8221;4.25.2&#8243; _module_preset=&#8221;default&#8221; text_text_color=&#8221;#FFF5EB&#8221; header_font=&#8221;||||||||&#8221; header_text_align=&#8221;left&#8221; header_text_color=&#8221;#9B5F3B&#8221; header_font_size=&#8221;40px&#8221; header_line_height=&#8221;1.3em&#8221; animation_style=&#8221;slide&#8221; hover_enabled=&#8221;0&#8243; global_colors_info=&#8221;{}&#8221; sticky_enabled=&#8221;0&#8243;]<\/p>\n<h1 class=\"_ap3a _aaco _aacu _aacx _aad6 _aade\" dir=\"auto\" style=\"text-align: left;\"><em>Impressum<\/em><em><\/em><em><\/em><\/h1>\n<p>[\/et_pb_text][\/et_pb_column][\/et_pb_row][et_pb_row _builder_version=&#8221;4.25.2&#8243; _module_preset=&#8221;default&#8221;][et_pb_column _builder_version=&#8221;4.25.2&#8243; _module_preset=&#8221;default&#8221; type=&#8221;4_4&#8243;][et_pb_text _builder_version=&#8221;4.25.2&#8243; text_font=&#8221;&#8211;et_global_body_font|300|||||||&#8221; text_line_height=&#8221;2em&#8221; header_font=&#8221;||||||||&#8221; header_3_font=&#8221;Montserrat|600|||||||&#8221; header_3_font_size=&#8221;70px&#8221; header_3_line_height=&#8221;1.2em&#8221; background_color=&#8221;#FFFFFF&#8221; background_color_gradient_direction=&#8221;90deg&#8221; max_width=&#8221;700px&#8221; custom_margin_tablet=&#8221;0px||20px&#8221; custom_margin_phone=&#8221;|||-56px&#8221; custom_margin_last_edited=&#8221;on|phone&#8221; custom_padding=&#8221;40px|40px|40px|40px|true|true&#8221; hover_enabled=&#8221;0&#8243; text_font_size_tablet=&#8221;&#8221; text_font_size_phone=&#8221;15px&#8221; text_font_size_last_edited=&#8221;on|desktop&#8221; text_line_height_tablet=&#8221;&#8221; text_line_height_phone=&#8221;1.7em&#8221; text_line_height_last_edited=&#8221;on|phone&#8221; header_3_font_size_tablet=&#8221;50px&#8221; header_3_font_size_phone=&#8221;30px&#8221; header_3_font_size_last_edited=&#8221;on|phone&#8221; global_colors_info=&#8221;{}&#8221; sticky_enabled=&#8221;0&#8243;]<\/p>\n<p><strong>NAME: <\/strong><span class=\"naziv\">MOMENTO STUDIO, obrt za usluge<\/span><\/p>\n<p><strong>OZNAKA OBRTA: <\/strong>74.20 &#8211; FOTOGRAFSKE DJELATNOSTI<\/p>\n<p><strong><\/strong>Registered activities:<\/p>\n<ul>\n<li>73.20 -ISTRA\u017dIVANJE TR\u017dI\u0160TA I ISPITIVANJE JAVNOGA MNIJENJA<\/li>\n<li>62.09 -OSTALE USLU\u017dNE DJELATNOSTI U VEZI S INFORMACIJSKOM TEHNOLOGIJOM I RA\u010cUNALIMA<\/li>\n<li>63.11 -OBRADA PODATAKA, USLUGE POSLU\u017dITELJA I DJELATNOSTI POVEZANE S NJIMA<\/li>\n<li>63.12 -INTERNETSKI PORTALI<\/li>\n<li>47.91 -TRGOVINA NA MALO PREKO PO\u0160TE ILI INTERNETA<\/li>\n<li>73.11 -AGENCIJE ZA PROMID\u017dBU (REKLAMU I PROPAGANDU)<\/li>\n<li>18.13 -USLUGE PRIPREME ZA TISAK I OBJAVLJIVANJE<\/li>\n<li>74.10 -SPECIJALIZIRANE DIZAJNERSKE DJELATNOSTI<\/li>\n<li>73.12 -OGLA\u0160AVANJE PREKO MEDIJA<\/li>\n<li>70.22 -SAVJETOVANJE U VEZI S POSLOVANJEM I OSTALIM UPRAVLJANJEM<\/li>\n<li>82.30 -ORGANIZACIJA SASTANAKA I POSLOVNIH SAJMOVA<\/li>\n<li>18.20 -UMNO\u017dAVANJE SNIMLJENIH ZAPISA<\/li>\n<li>74.20 -FOTOGRAFSKE DJELATNOSTI<\/li>\n<li>85.59 -OSTALO OBRAZOVANJE I POU\u010cAVANJE, D. N.<\/li>\n<li>82.19 -FOTOKOPIRANJE, PRIPREMA DOKUMENATA I OSTALE SPECIJALIZIRANE UREDSKE POMO\u0106NE DJELATNOSTI<\/li>\n<li>58.11 -IZDAVANJE KNJIGA<\/li>\n<li>70.21 -ODNOSI S JAVNO\u0160\u0106U I DJELATNOSTI PRIOP\u0106IVANJA<\/li>\n<li>82.11 -KOMBINIRANE UREDSKE ADMINISTRATIVNE USLU\u017dNE DJELATNOSTI<\/li>\n<\/ul>\n<p><strong>OWNER:<\/strong> <span class=\"naziv\">Sanda Uzelac<\/span><\/p>\n<p><strong>SJEDI\u0160TE:<\/strong> Furi\u0107evo 65, 51216 Vi\u0161kovo<\/p>\n<p><strong>OBRT JE UPISAN: <\/strong>Upravni odjel za gospodarstvo, Rijeka<strong><\/strong><strong><\/strong><\/p>\n<p><strong>MBO: <\/strong>98436180<span class=\"light\"><\/span><\/p>\n<p><strong>IBAN OTVOREN KOD: <\/strong>PRIVREDNA BANKA ZAGREB d.d., 10000 Zagreb, Radni\u010dka cesta 50<\/p>\n<p><strong>IBAN: <\/strong>HR98 2340 0091 1606 8717 6<\/p>\n<p><strong>CONTACT:<\/strong><\/p>\n<p>Mobitel: <span class=\"elementor-icon-list-text\">+385 99 315 4289<span style=\"color: #000000; font-family: arial, sans-serif;\"><\/span><br \/><\/span><\/p>\n<div class=\"elementor-element elementor-element-a1cd7be elementor-icon-list--layout-traditional elementor-list-item-link-full_width elementor-widget elementor-widget-icon-list\" data-id=\"a1cd7be\" data-element_type=\"widget\" data-widget_type=\"icon-list.default\">\n<div class=\"elementor-widget-container\">\n<p>E-mail: <a href=\"mailto:uzelac.sanda@gmail.com\" target=\"_blank\" rel=\"noopener\">uzelac.sanda@gmail.com<\/a><\/p>\n<\/div>\n<\/div>\n<p>&nbsp;<\/p>\n<p>[\/et_pb_text][\/et_pb_column][\/et_pb_row][\/et_pb_section]<\/p>\n","protected":false},"excerpt":{"rendered":"<p>ImpressumNAME: MOMENTO STUDIO, obrt za usluge OZNAKA OBRTA: 74.20 &#8211; FOTOGRAFSKE DJELATNOSTI Registered activities: 73.20 -ISTRA\u017dIVANJE TR\u017dI\u0160TA I ISPITIVANJE JAVNOGA MNIJENJA 62.09 -OSTALE USLU\u017dNE DJELATNOSTI U VEZI S INFORMACIJSKOM TEHNOLOGIJOM I RA\u010cUNALIMA 63.11 -OBRADA PODATAKA, USLUGE POSLU\u017dITELJA I DJELATNOSTI POVEZANE S NJIMA 63.12 -INTERNETSKI PORTALI 47.91 -TRGOVINA NA MALO PREKO PO\u0160TE ILI INTERNETA 73.11 -AGENCIJE ZA PROMID\u017dBU (REKLAMU I PROPAGANDU) 18.13 -USLUGE PRIPREME ZA TISAK I OBJAVLJIVANJE 74.10 -SPECIJALIZIRANE DIZAJNERSKE DJELATNOSTI 73.12 -OGLA\u0160AVANJE PREKO MEDIJA 70.22 -SAVJETOVANJE U VEZI S POSLOVANJEM I OSTALIM UPRAVLJANJEM 82.30 -ORGANIZACIJA SASTANAKA I POSLOVNIH SAJMOVA 18.20 -UMNO\u017dAVANJE SNIMLJENIH ZAPISA 74.20 -FOTOGRAFSKE DJELATNOSTI 85.59 -OSTALO OBRAZOVANJE I POU\u010cAVANJE, D. N. 82.19 -FOTOKOPIRANJE, PRIPREMA DOKUMENATA I OSTALE SPECIJALIZIRANE UREDSKE POMO\u0106NE DJELATNOSTI 58.11 -IZDAVANJE KNJIGA 70.21 -ODNOSI S JAVNO\u0160\u0106U I DJELATNOSTI PRIOP\u0106IVANJA 82.11 -KOMBINIRANE UREDSKE ADMINISTRATIVNE USLU\u017dNE DJELATNOSTI OWNER: Sanda Uzelac SJEDI\u0160TE: Furi\u0107evo 65, 51216 Vi\u0161kovo OBRT JE UPISAN: Upravni odjel za gospodarstvo, Rijeka MBO: 98436180 IBAN OTVOREN KOD: PRIVREDNA BANKA ZAGREB d.d., 10000 Zagreb, Radni\u010dka cesta 50 IBAN: HR98 2340 0091 1606 8717 6 CONTACT: Mobitel: +385 99 315 4289 E-mail: uzelac.sanda@gmail.com &nbsp;<\/p>\n","protected":false},"author":2,"featured_media":6002,"parent":0,"menu_order":0,"comment_status":"closed","ping_status":"closed","template":"","meta":{"_et_pb_use_builder":"on","_et_pb_old_content":"","_et_gb_content_width":"","pgc_sgb_lightbox_settings":"","footnotes":""},"class_list":["post-1992","page","type-page","status-publish","has-post-thumbnail","hentry"],"_links":{"self":[{"href":"https:\/\/momentostudio.hr\/en\/wp-json\/wp\/v2\/pages\/1992","targetHints":{"allow":["GET"]}}],"collection":[{"href":"https:\/\/momentostudio.hr\/en\/wp-json\/wp\/v2\/pages"}],"about":[{"href":"https:\/\/momentostudio.hr\/en\/wp-json\/wp\/v2\/types\/page"}],"author":[{"embeddable":true,"href":"https:\/\/momentostudio.hr\/en\/wp-json\/wp\/v2\/users\/2"}],"replies":[{"embeddable":true,"href":"https:\/\/momentostudio.hr\/en\/wp-json\/wp\/v2\/comments?post=1992"}],"version-history":[{"count":20,"href":"https:\/\/momentostudio.hr\/en\/wp-json\/wp\/v2\/pages\/1992\/revisions"}],"predecessor-version":[{"id":7260,"href":"https:\/\/momentostudio.hr\/en\/wp-json\/wp\/v2\/pages\/1992\/revisions\/7260"}],"wp:featuredmedia":[{"embeddable":true,"href":"https:\/\/momentostudio.hr\/en\/wp-json\/wp\/v2\/media\/6002"}],"wp:attachment":[{"href":"https:\/\/momentostudio.hr\/en\/wp-json\/wp\/v2\/media?parent=1992"}],"curies":[{"name":"wp","href":"https:\/\/api.w.org\/{rel}","templated":true}]}}